{"id":241,"date":"2018-06-28T07:41:07","date_gmt":"2018-06-28T05:41:07","guid":{"rendered":"http:\/\/www.bizkaiaenergia.com\/enlaces-de-interes\/"},"modified":"2022-05-02T17:01:39","modified_gmt":"2022-05-02T15:01:39","slug":"enlaces-de-interes","status":"publish","type":"page","link":"https:\/\/www.bizkaiaenergia.com\/en\/enlaces-de-interes\/","title":{"rendered":"Interesting links"},"content":{"rendered":"\n<h2>\n\t\tAbout us\n\t<\/h2>\n        CCI\n        <a href=\"http:\/\/www.cci.com\/\" target=\"_blank\" rel=\"noopener\">Castleton Commodities International LLC<\/a>\n<h2>\n\t\tIntegrity and transparency\n\t<\/h2>\n        REE \n        <a href=\"http:\/\/www.ree.es\/es\/\" target=\"_blank\" rel=\"noopener\">\n            Operador del Sistema El\u00e9ctrico\n        <\/a>\n        OMIE\n        <a href=\"http:\/\/www.omie.es\/inicio\" target=\"_blank\" rel=\"noopener\">Operador del Mercado Ib\u00e9rico, Polo Espa\u00f1ol<\/a>\n        CNMC\n        <a href=\"http:\/\/www.cnmc.es\/\" target=\"_blank\" rel=\"noopener\">Comisi\u00f3n Nacional de Mercados y Competencia<\/a>\n        ACER\n        <a href=\"http:\/\/www.acer.europa.eu\/Pages\/ACER.aspx\" target=\"_blank\" rel=\"noopener\">Agencia para la Cooperaci\u00f3n de los Reguladores de Energ\u00eda<\/a>\n        ENTSO-E\n        <a href=\"https:\/\/www.entsoe.eu\/Pages\/default.aspx\" target=\"_blank\" rel=\"noopener\">Plataforma de transparencia de los Operadores de Redes de Transporte Europeos<\/a>\n        MINETUR\n        <a href=\"http:\/\/www.minetur.gob.es\" target=\"_blank\" rel=\"noopener\">Ministerio de Industria, Energ\u00eda y Turismo<\/a>\n<h2>\n\t\tEnvironment\n\t<\/h2>\n        Calidad del aire\n        <a href=\"http:\/\/www.ingurumena.ejgv.euskadi.eus\/informacion\/la-red-de-control-de-calidad-del-aire\/r49-3614\/es\/\" target=\"_blank\" rel=\"noopener\">\n            Departamento de Medio Ambiente del Gobierno Vasco\n        <\/a>\n        OPEN DATA Euskadi\n        <a href=\"http:\/\/opendata.euskadi.eus\/w79-home\/es\/\" target=\"_blank\" rel=\"noopener\">\n            Publicaci\u00f3n de datos de Calidad del Aire &#8211; Gobierno Vasco\n        <\/a>\n        EVE\n        <a href=\"http:\/\/eve.es\/index.aspx\" target=\"_blank\" rel=\"noopener\">\n            Ente Vasco de la Energ\u00eda\n        <\/a>\n        IHOBE\n        <a href=\"http:\/\/www.ihobe.eus\/Default.aspx?IdMenu=A2238BD0-3048-4D9D-AB8C-C91C6FDFD475&#038;Idioma=es-ES\" target=\"_blank\" rel=\"noopener\">\n            Sociedad P\u00fablica adscrita al Departamento de Medio Ambiente\n        <\/a>\n        MAGRAMA\n        <a href=\"http:\/\/www.magrama.gob.es\" target=\"_blank\" rel=\"noopener\">\n            Ministerio de Agricultura, Alimentaci\u00f3n y Medio Ambiente\n        <\/a>\n\t\t\t\t<img decoding=\"async\" src=\"http:\/\/www.bizkaiaenergia.com\/archivos\/2018\/06\/central_2_2.png\" alt=\"generaci\u00f3n de electricidad\" itemprop=\"image\" title=\"central_2_2\" onerror=\"this.style.display='none'\"  \/>\n\t\t\t\t<img decoding=\"async\" src=\"http:\/\/www.bizkaiaenergia.com\/archivos\/2018\/06\/prev131_3.png\" alt=\"generaci\u00f3n de electricidad\" itemprop=\"image\" title=\"prev131_3\" onerror=\"this.style.display='none'\"  \/>\n\n","protected":false},"excerpt":{"rendered":"<p>About us CCI Castleton Commodities International LLC Integrity and transparency REE Operador del Sistema El\u00e9ctrico OMIE Operador del Mercado Ib\u00e9rico, Polo Espa\u00f1ol CNMC Comisi\u00f3n Nacional de Mercados y Competencia ACER Agencia para la Cooperaci\u00f3n de los Reguladores de Energ\u00eda ENTSO-E Plataforma de transparencia de los Operadores de Redes de Transporte Europeos MINETUR Ministerio de Industria, [&hellip;]<\/p>\n","protected":false},"author":1,"featured_media":0,"parent":0,"menu_order":0,"comment_status":"closed","ping_status":"closed","template":"","meta":{"footnotes":""},"class_list":["post-241","page","type-page","status-publish","hentry"],"yoast_head":"<!-- This site is optimized with the Yoast SEO Premium plugin v26.6 (Yoast SEO v26.6) - https:\/\/yoast.com\/wordpress\/plugins\/seo\/ -->\n<title>Interesting links - Bizkaia Energia<\/title>\n<meta name=\"robots\" content=\"index, follow, max-snippet:-1, max-image-preview:large, max-video-preview:-1\" \/>\n<link rel=\"canonical\" href=\"https:\/\/www.bizkaiaenergia.com\/en\/enlaces-de-interes\/\" \/>\n<meta property=\"og:locale\" content=\"en_US\" \/>\n<meta property=\"og:type\" content=\"article\" \/>\n<meta property=\"og:title\" content=\"Interesting links\" \/>\n<meta property=\"og:description\" content=\"About us CCI Castleton Commodities International LLC Integrity and transparency REE Operador del Sistema El\u00e9ctrico OMIE Operador del Mercado Ib\u00e9rico, Polo Espa\u00f1ol CNMC Comisi\u00f3n Nacional de Mercados y Competencia ACER Agencia para la Cooperaci\u00f3n de los Reguladores de Energ\u00eda ENTSO-E Plataforma de transparencia de los Operadores de Redes de Transporte Europeos MINETUR Ministerio de Industria, [&hellip;]\" \/>\n<meta property=\"og:url\" content=\"https:\/\/www.bizkaiaenergia.com\/en\/enlaces-de-interes\/\" \/>\n<meta property=\"og:site_name\" content=\"Bizkaia Energia\" \/>\n<meta property=\"article:modified_time\" content=\"2022-05-02T15:01:39+00:00\" \/>\n<meta property=\"og:image\" content=\"http:\/\/www.bizkaiaenergia.com\/archivos\/2018\/06\/central_2_2.png\" \/>\n<meta name=\"twitter:card\" content=\"summary_large_image\" \/>\n<meta name=\"twitter:label1\" content=\"Est. reading time\" \/>\n\t<meta name=\"twitter:data1\" content=\"1 minute\" \/>\n<script type=\"application\/ld+json\" class=\"yoast-schema-graph\">{\"@context\":\"https:\/\/schema.org\",\"@graph\":[{\"@type\":\"WebPage\",\"@id\":\"https:\/\/www.bizkaiaenergia.com\/en\/enlaces-de-interes\/\",\"url\":\"https:\/\/www.bizkaiaenergia.com\/en\/enlaces-de-interes\/\",\"name\":\"Interesting links - Bizkaia Energia\",\"isPartOf\":{\"@id\":\"https:\/\/www.bizkaiaenergia.com\/#website\"},\"primaryImageOfPage\":{\"@id\":\"https:\/\/www.bizkaiaenergia.com\/en\/enlaces-de-interes\/#primaryimage\"},\"image\":{\"@id\":\"https:\/\/www.bizkaiaenergia.com\/en\/enlaces-de-interes\/#primaryimage\"},\"thumbnailUrl\":\"http:\/\/www.bizkaiaenergia.com\/archivos\/2018\/06\/central_2_2.png\",\"datePublished\":\"2018-06-28T05:41:07+00:00\",\"dateModified\":\"2022-05-02T15:01:39+00:00\",\"breadcrumb\":{\"@id\":\"https:\/\/www.bizkaiaenergia.com\/en\/enlaces-de-interes\/#breadcrumb\"},\"inLanguage\":\"en-US\",\"potentialAction\":[{\"@type\":\"ReadAction\",\"target\":[\"https:\/\/www.bizkaiaenergia.com\/en\/enlaces-de-interes\/\"]}]},{\"@type\":\"ImageObject\",\"inLanguage\":\"en-US\",\"@id\":\"https:\/\/www.bizkaiaenergia.com\/en\/enlaces-de-interes\/#primaryimage\",\"url\":\"http:\/\/www.bizkaiaenergia.com\/archivos\/2018\/06\/central_2_2.png\",\"contentUrl\":\"http:\/\/www.bizkaiaenergia.com\/archivos\/2018\/06\/central_2_2.png\"},{\"@type\":\"BreadcrumbList\",\"@id\":\"https:\/\/www.bizkaiaenergia.com\/en\/enlaces-de-interes\/#breadcrumb\",\"itemListElement\":[{\"@type\":\"ListItem\",\"position\":1,\"name\":\"Bizkaia Energ\u00eda\",\"item\":\"https:\/\/www.bizkaiaenergia.com\/en\/\"},{\"@type\":\"ListItem\",\"position\":2,\"name\":\"Interesting links\"}]},{\"@type\":\"WebSite\",\"@id\":\"https:\/\/www.bizkaiaenergia.com\/#website\",\"url\":\"https:\/\/www.bizkaiaenergia.com\/\",\"name\":\"Bizkaia Energia\",\"description\":\"\",\"publisher\":{\"@id\":\"https:\/\/www.bizkaiaenergia.com\/#organization\"},\"potentialAction\":[{\"@type\":\"SearchAction\",\"target\":{\"@type\":\"EntryPoint\",\"urlTemplate\":\"https:\/\/www.bizkaiaenergia.com\/?s={search_term_string}\"},\"query-input\":{\"@type\":\"PropertyValueSpecification\",\"valueRequired\":true,\"valueName\":\"search_term_string\"}}],\"inLanguage\":\"en-US\"},{\"@type\":\"Organization\",\"@id\":\"https:\/\/www.bizkaiaenergia.com\/#organization\",\"name\":\"Bizkaia Energia\",\"url\":\"https:\/\/www.bizkaiaenergia.com\/\",\"logo\":{\"@type\":\"ImageObject\",\"inLanguage\":\"en-US\",\"@id\":\"https:\/\/www.bizkaiaenergia.com\/#\/schema\/logo\/image\/\",\"url\":\"https:\/\/www.bizkaiaenergia.com\/archivos\/2019\/12\/logo.png\",\"contentUrl\":\"https:\/\/www.bizkaiaenergia.com\/archivos\/2019\/12\/logo.png\",\"width\":353,\"height\":191,\"caption\":\"Bizkaia Energia\"},\"image\":{\"@id\":\"https:\/\/www.bizkaiaenergia.com\/#\/schema\/logo\/image\/\"}}]}<\/script>\n<!-- \/ Yoast SEO Premium plugin. -->","yoast_head_json":{"title":"Interesting links - Bizkaia Energia","robots":{"index":"index","follow":"follow","max-snippet":"max-snippet:-1","max-image-preview":"max-image-preview:large","max-video-preview":"max-video-preview:-1"},"canonical":"https:\/\/www.bizkaiaenergia.com\/en\/enlaces-de-interes\/","og_locale":"en_US","og_type":"article","og_title":"Interesting links","og_description":"About us CCI Castleton Commodities International LLC Integrity and transparency REE Operador del Sistema El\u00e9ctrico OMIE Operador del Mercado Ib\u00e9rico, Polo Espa\u00f1ol CNMC Comisi\u00f3n Nacional de Mercados y Competencia ACER Agencia para la Cooperaci\u00f3n de los Reguladores de Energ\u00eda ENTSO-E Plataforma de transparencia de los Operadores de Redes de Transporte Europeos MINETUR Ministerio de Industria, [&hellip;]","og_url":"https:\/\/www.bizkaiaenergia.com\/en\/enlaces-de-interes\/","og_site_name":"Bizkaia Energia","article_modified_time":"2022-05-02T15:01:39+00:00","og_image":[{"url":"http:\/\/www.bizkaiaenergia.com\/archivos\/2018\/06\/central_2_2.png","type":"","width":"","height":""}],"twitter_card":"summary_large_image","twitter_misc":{"Est. reading time":"1 minute"},"schema":{"@context":"https:\/\/schema.org","@graph":[{"@type":"WebPage","@id":"https:\/\/www.bizkaiaenergia.com\/en\/enlaces-de-interes\/","url":"https:\/\/www.bizkaiaenergia.com\/en\/enlaces-de-interes\/","name":"Interesting links - Bizkaia Energia","isPartOf":{"@id":"https:\/\/www.bizkaiaenergia.com\/#website"},"primaryImageOfPage":{"@id":"https:\/\/www.bizkaiaenergia.com\/en\/enlaces-de-interes\/#primaryimage"},"image":{"@id":"https:\/\/www.bizkaiaenergia.com\/en\/enlaces-de-interes\/#primaryimage"},"thumbnailUrl":"http:\/\/www.bizkaiaenergia.com\/archivos\/2018\/06\/central_2_2.png","datePublished":"2018-06-28T05:41:07+00:00","dateModified":"2022-05-02T15:01:39+00:00","breadcrumb":{"@id":"https:\/\/www.bizkaiaenergia.com\/en\/enlaces-de-interes\/#breadcrumb"},"inLanguage":"en-US","potentialAction":[{"@type":"ReadAction","target":["https:\/\/www.bizkaiaenergia.com\/en\/enlaces-de-interes\/"]}]},{"@type":"ImageObject","inLanguage":"en-US","@id":"https:\/\/www.bizkaiaenergia.com\/en\/enlaces-de-interes\/#primaryimage","url":"http:\/\/www.bizkaiaenergia.com\/archivos\/2018\/06\/central_2_2.png","contentUrl":"http:\/\/www.bizkaiaenergia.com\/archivos\/2018\/06\/central_2_2.png"},{"@type":"BreadcrumbList","@id":"https:\/\/www.bizkaiaenergia.com\/en\/enlaces-de-interes\/#breadcrumb","itemListElement":[{"@type":"ListItem","position":1,"name":"Bizkaia Energ\u00eda","item":"https:\/\/www.bizkaiaenergia.com\/en\/"},{"@type":"ListItem","position":2,"name":"Interesting links"}]},{"@type":"WebSite","@id":"https:\/\/www.bizkaiaenergia.com\/#website","url":"https:\/\/www.bizkaiaenergia.com\/","name":"Bizkaia Energia","description":"","publisher":{"@id":"https:\/\/www.bizkaiaenergia.com\/#organization"},"potentialAction":[{"@type":"SearchAction","target":{"@type":"EntryPoint","urlTemplate":"https:\/\/www.bizkaiaenergia.com\/?s={search_term_string}"},"query-input":{"@type":"PropertyValueSpecification","valueRequired":true,"valueName":"search_term_string"}}],"inLanguage":"en-US"},{"@type":"Organization","@id":"https:\/\/www.bizkaiaenergia.com\/#organization","name":"Bizkaia Energia","url":"https:\/\/www.bizkaiaenergia.com\/","logo":{"@type":"ImageObject","inLanguage":"en-US","@id":"https:\/\/www.bizkaiaenergia.com\/#\/schema\/logo\/image\/","url":"https:\/\/www.bizkaiaenergia.com\/archivos\/2019\/12\/logo.png","contentUrl":"https:\/\/www.bizkaiaenergia.com\/archivos\/2019\/12\/logo.png","width":353,"height":191,"caption":"Bizkaia Energia"},"image":{"@id":"https:\/\/www.bizkaiaenergia.com\/#\/schema\/logo\/image\/"}}]}},"_links":{"self":[{"href":"https:\/\/www.bizkaiaenergia.com\/en\/wp-json\/wp\/v2\/pages\/241","targetHints":{"allow":["GET"]}}],"collection":[{"href":"https:\/\/www.bizkaiaenergia.com\/en\/wp-json\/wp\/v2\/pages"}],"about":[{"href":"https:\/\/www.bizkaiaenergia.com\/en\/wp-json\/wp\/v2\/types\/page"}],"author":[{"embeddable":true,"href":"https:\/\/www.bizkaiaenergia.com\/en\/wp-json\/wp\/v2\/users\/1"}],"replies":[{"embeddable":true,"href":"https:\/\/www.bizkaiaenergia.com\/en\/wp-json\/wp\/v2\/comments?post=241"}],"version-history":[{"count":0,"href":"https:\/\/www.bizkaiaenergia.com\/en\/wp-json\/wp\/v2\/pages\/241\/revisions"}],"wp:attachment":[{"href":"https:\/\/www.bizkaiaenergia.com\/en\/wp-json\/wp\/v2\/media?parent=241"}],"curies":[{"name":"wp","href":"https:\/\/api.w.org\/{rel}","templated":true}]}}